{"id":2553,"date":"2025-02-16T23:53:13","date_gmt":"2025-02-16T22:53:13","guid":{"rendered":"https:\/\/operaeucharistica.org\/home\/?page_id=2553"},"modified":"2025-02-16T23:53:38","modified_gmt":"2025-02-16T22:53:38","slug":"buenosaires","status":"publish","type":"page","link":"https:\/\/operaeucharistica.org\/home\/buenosaires\/","title":{"rendered":"buenos aires"},"content":{"rendered":"\t\t<div data-elementor-type=\"wp-page\" data-elementor-id=\"2553\" class=\"elementor elementor-2553\" data-elementor-post-type=\"page\">\n\t\t\t\t<div class=\"elementor-element elementor-element-60bd1d8 e-flex e-con-boxed e-con e-parent\" data-id=\"60bd1d8\" data-element_type=\"container\" data-e-type=\"container\" data-settings=\"{&quot;background_background&quot;:&quot;classic&quot;}\">\n\t\t\t\t\t<div class=\"e-con-inner\">\n\t\t\t\t<div class=\"elementor-element elementor-element-4d50414 elementor-widget__width-initial elementor-widget elementor-widget-heading\" data-id=\"4d50414\" data-element_type=\"widget\" data-e-type=\"widget\" data-widget_type=\"heading.default\">\n\t\t\t\t<div class=\"elementor-widget-container\">\n\t\t\t\t\t<h1 class=\"elementor-heading-title elementor-size-default\">Miembros del Consejo<\/h1>\t\t\t\t<\/div>\n\t\t\t\t<\/div>\n\t\t\t\t<div class=\"elementor-element elementor-element-1d4a817 elementor-widget elementor-widget-text-editor\" data-id=\"1d4a817\" data-element_type=\"widget\" data-e-type=\"widget\" data-widget_type=\"text-editor.default\">\n\t\t\t\t<div class=\"elementor-widget-container\">\n\t\t\t\t\t\t\t\t\t<p><strong>Adoremos in Aeternum Sanctissimum Sacramentum<\/strong><\/p>\t\t\t\t\t\t\t\t<\/div>\n\t\t\t\t<\/div>\n\t\t\t\t\t<\/div>\n\t\t\t\t<\/div>\n\t\t<div class=\"elementor-element elementor-element-2883007 e-flex e-con-boxed e-con e-parent\" data-id=\"2883007\" data-element_type=\"container\" data-e-type=\"container\">\n\t\t\t\t\t<div class=\"e-con-inner\">\n\t\t\t\t\t<\/div>\n\t\t\t\t<\/div>\n\t\t<div class=\"elementor-element elementor-element-02d6205 e-flex e-con-boxed e-con e-parent\" data-id=\"02d6205\" data-element_type=\"container\" data-e-type=\"container\">\n\t\t\t\t\t<div class=\"e-con-inner\">\n\t\t\t\t<div class=\"elementor-element elementor-element-a606d4c elementor-widget-divider--view-line elementor-widget elementor-widget-divider\" data-id=\"a606d4c\" data-element_type=\"widget\" data-e-type=\"widget\" data-widget_type=\"divider.default\">\n\t\t\t\t<div class=\"elementor-widget-container\">\n\t\t\t\t\t\t\t<div class=\"elementor-divider\">\n\t\t\t<span class=\"elementor-divider-separator\">\n\t\t\t\t\t\t<\/span>\n\t\t<\/div>\n\t\t\t\t\t\t<\/div>\n\t\t\t\t<\/div>\n\t\t\t\t\t<\/div>\n\t\t\t\t<\/div>\n\t\t<div class=\"elementor-element elementor-element-2f949fb e-flex e-con-boxed e-con e-parent\" data-id=\"2f949fb\" data-element_type=\"container\" data-e-type=\"container\">\n\t\t\t\t\t<div class=\"e-con-inner\">\n\t\t\t\t<div class=\"elementor-element elementor-element-86fec20 elementor-vertical-align-top elementor-widget elementor-widget-image-box\" data-id=\"86fec20\" data-element_type=\"widget\" data-e-type=\"widget\" data-widget_type=\"image-box.default\">\n\t\t\t\t<div class=\"elementor-widget-container\">\n\t\t\t\t\t<div class=\"elementor-image-box-wrapper\"><div class=\"elementor-image-box-content\"><h3 class=\"elementor-image-box-title\">ADORACI\u00d3N NOCTURNA DE LA BAS\u00cdLICA DEL  SANT\u00cdSIMO SACRAMENTO - BUENOS AIRES<\/h3><p class=\"elementor-image-box-description\">Calle San Mart\u00edn, 1039\n<br>\nCIUDAD DE BUENOS AIRES - Argentina\n<br>\nE-mail: nonant@hotmail.com \n<br>Presidente: Don DIEGO JOS\u00c9 VIDAL DEL CARRIL\n<br> Director Espiritual: Padre RAFAEL C\u00c1CERES OLAVE\n<br>\nSecretario: Don TOMAS LASTRA MILORE<\/p><\/div><\/div>\t\t\t\t<\/div>\n\t\t\t\t<\/div>\n\t\t\t\t\t<\/div>\n\t\t\t\t<\/div>\n\t\t\t\t<\/div>\n\t\t","protected":false},"excerpt":{"rendered":"<p>Miembros del Consejo Adoremos in Aeternum Sanctissimum Sacramentum ADORACI\u00d3N NOCTURNA DE LA BAS\u00cdLICA DEL SANT\u00cdSIMO SACRAMENTO &#8211; BUENOS AIRES Calle San Mart\u00edn, 1039 CIUDAD DE BUENOS AIRES &#8211; Argentina E-mail: nonant@hotmail.com Presidente: Don DIEGO JOS\u00c9 VIDAL DEL CARRIL Director Espiritual: Padre RAFAEL C\u00c1CERES OLAVE Secretario: Don TOMAS LASTRA MILORE<\/p>\n","protected":false},"author":1,"featured_media":0,"parent":0,"menu_order":0,"comment_status":"closed","ping_status":"closed","template":"elementor_header_footer","meta":{"_joinchat":[],"footnotes":""},"class_list":["post-2553","page","type-page","status-publish","hentry"],"yoast_head":"<!-- This site is optimized with the Yoast SEO plugin v24.3 - https:\/\/yoast.com\/wordpress\/plugins\/seo\/ -->\n<title>buenos aires - Opera Eucharistica<\/title>\n<meta name=\"robots\" content=\"noindex, follow, max-snippet:-1, max-image-preview:large, max-video-preview:-1\" \/>\n<meta property=\"og:locale\" content=\"es_ES\" \/>\n<meta property=\"og:type\" content=\"article\" \/>\n<meta property=\"og:title\" content=\"buenos aires - Opera Eucharistica\" \/>\n<meta property=\"og:description\" content=\"Miembros del Consejo Adoremos in Aeternum Sanctissimum Sacramentum ADORACI\u00d3N NOCTURNA DE LA BAS\u00cdLICA DEL SANT\u00cdSIMO SACRAMENTO &#8211; BUENOS AIRES Calle San Mart\u00edn, 1039 CIUDAD DE BUENOS AIRES &#8211; Argentina E-mail: nonant@hotmail.com Presidente: Don DIEGO JOS\u00c9 VIDAL DEL CARRIL Director Espiritual: Padre RAFAEL C\u00c1CERES OLAVE Secretario: Don TOMAS LASTRA MILORE\" \/>\n<meta property=\"og:url\" content=\"https:\/\/operaeucharistica.org\/home\/buenosaires\/\" \/>\n<meta property=\"og:site_name\" content=\"Opera Eucharistica\" \/>\n<meta property=\"article:publisher\" content=\"https:\/\/www.facebook.com\/ttecumviajes\/\" \/>\n<meta property=\"article:modified_time\" content=\"2025-02-16T22:53:38+00:00\" \/>\n<meta name=\"twitter:card\" content=\"summary_large_image\" \/>\n<meta name=\"twitter:label1\" content=\"Tiempo de lectura\" \/>\n\t<meta name=\"twitter:data1\" content=\"1 minuto\" \/>\n<script type=\"application\/ld+json\" class=\"yoast-schema-graph\">{\"@context\":\"https:\/\/schema.org\",\"@graph\":[{\"@type\":\"WebPage\",\"@id\":\"https:\/\/operaeucharistica.org\/home\/buenosaires\/\",\"url\":\"https:\/\/operaeucharistica.org\/home\/buenosaires\/\",\"name\":\"buenos aires - Opera Eucharistica\",\"isPartOf\":{\"@id\":\"https:\/\/operaeucharistica.org\/home\/#website\"},\"datePublished\":\"2025-02-16T22:53:13+00:00\",\"dateModified\":\"2025-02-16T22:53:38+00:00\",\"breadcrumb\":{\"@id\":\"https:\/\/operaeucharistica.org\/home\/buenosaires\/#breadcrumb\"},\"inLanguage\":\"es\",\"potentialAction\":[{\"@type\":\"ReadAction\",\"target\":[\"https:\/\/operaeucharistica.org\/home\/buenosaires\/\"]}]},{\"@type\":\"BreadcrumbList\",\"@id\":\"https:\/\/operaeucharistica.org\/home\/buenosaires\/#breadcrumb\",\"itemListElement\":[{\"@type\":\"ListItem\",\"position\":1,\"name\":\"Portada\",\"item\":\"https:\/\/operaeucharistica.org\/home\/\"},{\"@type\":\"ListItem\",\"position\":2,\"name\":\"buenos aires\"}]},{\"@type\":\"WebSite\",\"@id\":\"https:\/\/operaeucharistica.org\/home\/#website\",\"url\":\"https:\/\/operaeucharistica.org\/home\/\",\"name\":\"Tecum Viajes\",\"description\":\"Fundac\u00edon de las Obras Eucaristicas\",\"potentialAction\":[{\"@type\":\"SearchAction\",\"target\":{\"@type\":\"EntryPoint\",\"urlTemplate\":\"https:\/\/operaeucharistica.org\/home\/?s={search_term_string}\"},\"query-input\":{\"@type\":\"PropertyValueSpecification\",\"valueRequired\":true,\"valueName\":\"search_term_string\"}}],\"inLanguage\":\"es\"}]}<\/script>\n<!-- \/ Yoast SEO plugin. -->","yoast_head_json":{"title":"buenos aires - Opera Eucharistica","robots":{"index":"noindex","follow":"follow","max-snippet":"max-snippet:-1","max-image-preview":"max-image-preview:large","max-video-preview":"max-video-preview:-1"},"og_locale":"es_ES","og_type":"article","og_title":"buenos aires - Opera Eucharistica","og_description":"Miembros del Consejo Adoremos in Aeternum Sanctissimum Sacramentum ADORACI\u00d3N NOCTURNA DE LA BAS\u00cdLICA DEL SANT\u00cdSIMO SACRAMENTO &#8211; BUENOS AIRES Calle San Mart\u00edn, 1039 CIUDAD DE BUENOS AIRES &#8211; Argentina E-mail: nonant@hotmail.com Presidente: Don DIEGO JOS\u00c9 VIDAL DEL CARRIL Director Espiritual: Padre RAFAEL C\u00c1CERES OLAVE Secretario: Don TOMAS LASTRA MILORE","og_url":"https:\/\/operaeucharistica.org\/home\/buenosaires\/","og_site_name":"Opera Eucharistica","article_publisher":"https:\/\/www.facebook.com\/ttecumviajes\/","article_modified_time":"2025-02-16T22:53:38+00:00","twitter_card":"summary_large_image","twitter_misc":{"Tiempo de lectura":"1 minuto"},"schema":{"@context":"https:\/\/schema.org","@graph":[{"@type":"WebPage","@id":"https:\/\/operaeucharistica.org\/home\/buenosaires\/","url":"https:\/\/operaeucharistica.org\/home\/buenosaires\/","name":"buenos aires - Opera Eucharistica","isPartOf":{"@id":"https:\/\/operaeucharistica.org\/home\/#website"},"datePublished":"2025-02-16T22:53:13+00:00","dateModified":"2025-02-16T22:53:38+00:00","breadcrumb":{"@id":"https:\/\/operaeucharistica.org\/home\/buenosaires\/#breadcrumb"},"inLanguage":"es","potentialAction":[{"@type":"ReadAction","target":["https:\/\/operaeucharistica.org\/home\/buenosaires\/"]}]},{"@type":"BreadcrumbList","@id":"https:\/\/operaeucharistica.org\/home\/buenosaires\/#breadcrumb","itemListElement":[{"@type":"ListItem","position":1,"name":"Portada","item":"https:\/\/operaeucharistica.org\/home\/"},{"@type":"ListItem","position":2,"name":"buenos aires"}]},{"@type":"WebSite","@id":"https:\/\/operaeucharistica.org\/home\/#website","url":"https:\/\/operaeucharistica.org\/home\/","name":"Tecum Viajes","description":"Fundac\u00edon de las Obras Eucaristicas","potentialAction":[{"@type":"SearchAction","target":{"@type":"EntryPoint","urlTemplate":"https:\/\/operaeucharistica.org\/home\/?s={search_term_string}"},"query-input":{"@type":"PropertyValueSpecification","valueRequired":true,"valueName":"search_term_string"}}],"inLanguage":"es"}]}},"_links":{"self":[{"href":"https:\/\/operaeucharistica.org\/home\/wp-json\/wp\/v2\/pages\/2553","targetHints":{"allow":["GET"]}}],"collection":[{"href":"https:\/\/operaeucharistica.org\/home\/wp-json\/wp\/v2\/pages"}],"about":[{"href":"https:\/\/operaeucharistica.org\/home\/wp-json\/wp\/v2\/types\/page"}],"author":[{"embeddable":true,"href":"https:\/\/operaeucharistica.org\/home\/wp-json\/wp\/v2\/users\/1"}],"replies":[{"embeddable":true,"href":"https:\/\/operaeucharistica.org\/home\/wp-json\/wp\/v2\/comments?post=2553"}],"version-history":[{"count":4,"href":"https:\/\/operaeucharistica.org\/home\/wp-json\/wp\/v2\/pages\/2553\/revisions"}],"predecessor-version":[{"id":2557,"href":"https:\/\/operaeucharistica.org\/home\/wp-json\/wp\/v2\/pages\/2553\/revisions\/2557"}],"wp:attachment":[{"href":"https:\/\/operaeucharistica.org\/home\/wp-json\/wp\/v2\/media?parent=2553"}],"curies":[{"name":"wp","href":"https:\/\/api.w.org\/{rel}","templated":true}]}}