{"id":2337,"date":"2025-02-16T22:11:10","date_gmt":"2025-02-16T21:11:10","guid":{"rendered":"https:\/\/operaeucharistica.org\/home\/?page_id=2337"},"modified":"2025-02-23T11:52:00","modified_gmt":"2025-02-23T10:52:00","slug":"miembrosdelconsejo","status":"publish","type":"page","link":"https:\/\/operaeucharistica.org\/home\/miembrosdelconsejo\/","title":{"rendered":"miembros del consejo"},"content":{"rendered":"\t\t<div data-elementor-type=\"wp-page\" data-elementor-id=\"2337\" class=\"elementor elementor-2337\" data-elementor-post-type=\"page\">\n\t\t\t\t<div class=\"elementor-element elementor-element-60bd1d8 e-flex e-con-boxed e-con e-parent\" data-id=\"60bd1d8\" data-element_type=\"container\" data-e-type=\"container\" data-settings=\"{&quot;background_background&quot;:&quot;classic&quot;}\">\n\t\t\t\t\t<div class=\"e-con-inner\">\n\t\t\t\t<div class=\"elementor-element elementor-element-4d50414 elementor-widget__width-initial elementor-widget elementor-widget-heading\" data-id=\"4d50414\" data-element_type=\"widget\" data-e-type=\"widget\" data-widget_type=\"heading.default\">\n\t\t\t\t<div class=\"elementor-widget-container\">\n\t\t\t\t\t<h1 class=\"elementor-heading-title elementor-size-default\">Miembros de la Federaci\u00f3n<\/h1>\t\t\t\t<\/div>\n\t\t\t\t<\/div>\n\t\t\t\t<div class=\"elementor-element elementor-element-1d4a817 elementor-widget elementor-widget-text-editor\" data-id=\"1d4a817\" data-element_type=\"widget\" data-e-type=\"widget\" data-widget_type=\"text-editor.default\">\n\t\t\t\t<div class=\"elementor-widget-container\">\n\t\t\t\t\t\t\t\t\t<p><strong>Adoremos in Aeternum Sanctissimum Sacramentum<\/strong><\/p>\t\t\t\t\t\t\t\t<\/div>\n\t\t\t\t<\/div>\n\t\t\t\t\t<\/div>\n\t\t\t\t<\/div>\n\t\t<div class=\"elementor-element elementor-element-2883007 e-flex e-con-boxed e-con e-parent\" data-id=\"2883007\" data-element_type=\"container\" data-e-type=\"container\">\n\t\t\t\t\t<div class=\"e-con-inner\">\n\t\t\t\t\t<\/div>\n\t\t\t\t<\/div>\n\t\t<div class=\"elementor-element elementor-element-02d6205 e-flex e-con-boxed e-con e-parent\" data-id=\"02d6205\" data-element_type=\"container\" data-e-type=\"container\">\n\t\t\t\t\t<div class=\"e-con-inner\">\n\t\t\t\t<div class=\"elementor-element elementor-element-a606d4c elementor-widget-divider--view-line elementor-widget elementor-widget-divider\" data-id=\"a606d4c\" data-element_type=\"widget\" data-e-type=\"widget\" data-widget_type=\"divider.default\">\n\t\t\t\t<div class=\"elementor-widget-container\">\n\t\t\t\t\t\t\t<div class=\"elementor-divider\">\n\t\t\t<span class=\"elementor-divider-separator\">\n\t\t\t\t\t\t<\/span>\n\t\t<\/div>\n\t\t\t\t\t\t<\/div>\n\t\t\t\t<\/div>\n\t\t\t\t\t<\/div>\n\t\t\t\t<\/div>\n\t\t<div class=\"elementor-element elementor-element-2f949fb e-flex e-con-boxed e-con e-parent\" data-id=\"2f949fb\" data-element_type=\"container\" data-e-type=\"container\">\n\t\t\t\t\t<div class=\"e-con-inner\">\n\t\t\t\t<div class=\"elementor-element elementor-element-7348d84 elementor-widget elementor-widget-heading\" data-id=\"7348d84\" data-element_type=\"widget\" data-e-type=\"widget\" data-widget_type=\"heading.default\">\n\t\t\t\t<div class=\"elementor-widget-container\">\n\t\t\t\t\t<h2 class=\"elementor-heading-title elementor-size-default\"><a href=\"https:\/\/operaeucharistica.org\/home\/nocturnaespanola\/\">Adoraci\u00f3n Nocturna Espa\u00f1ola<\/a><\/h2>\t\t\t\t<\/div>\n\t\t\t\t<\/div>\n\t\t\t\t<div class=\"elementor-element elementor-element-5f718cd elementor-widget elementor-widget-heading\" data-id=\"5f718cd\" data-element_type=\"widget\" data-e-type=\"widget\" data-widget_type=\"heading.default\">\n\t\t\t\t<div class=\"elementor-widget-container\">\n\t\t\t\t\t<h2 class=\"elementor-heading-title elementor-size-default\"><a href=\"https:\/\/operaeucharistica.org\/home\/adoracioncubana\/\">Adoraci\u00f3n Nocturna Cubana del Sant\u00edsimo Sacramento<\/a><\/h2>\t\t\t\t<\/div>\n\t\t\t\t<\/div>\n\t\t\t\t<div class=\"elementor-element elementor-element-3f89547 elementor-widget elementor-widget-heading\" data-id=\"3f89547\" data-element_type=\"widget\" data-e-type=\"widget\" data-widget_type=\"heading.default\">\n\t\t\t\t<div class=\"elementor-widget-container\">\n\t\t\t\t\t<h2 class=\"elementor-heading-title elementor-size-default\"><a href=\"https:\/\/operaeucharistica.org\/home\/adoracionmexicana\/\">Adoraci\u00f3n Nocturna Mexicana<\/a><\/h2>\t\t\t\t<\/div>\n\t\t\t\t<\/div>\n\t\t\t\t<div class=\"elementor-element elementor-element-a5e7aee elementor-widget elementor-widget-heading\" data-id=\"a5e7aee\" data-element_type=\"widget\" data-e-type=\"widget\" data-widget_type=\"heading.default\">\n\t\t\t\t<div class=\"elementor-widget-container\">\n\t\t\t\t\t<h2 class=\"elementor-heading-title elementor-size-default\"><a href=\"https:\/\/operaeucharistica.org\/home\/panamena\/\"> Adoraci\u00f3n Nocturna Paname\u00f1a<\/a><\/h2>\t\t\t\t<\/div>\n\t\t\t\t<\/div>\n\t\t\t\t<div class=\"elementor-element elementor-element-3b34baa elementor-widget elementor-widget-heading\" data-id=\"3b34baa\" data-element_type=\"widget\" data-e-type=\"widget\" data-widget_type=\"heading.default\">\n\t\t\t\t<div class=\"elementor-widget-container\">\n\t\t\t\t\t<h2 class=\"elementor-heading-title elementor-size-default\"><a href=\"https:\/\/operaeucharistica.org\/home\/nocturnacolombiana\/\">Adoraci\u00f3n Nocturna Colombiana<\/a><\/h2>\t\t\t\t<\/div>\n\t\t\t\t<\/div>\n\t\t\t\t<div class=\"elementor-element elementor-element-45db2f7 elementor-widget elementor-widget-heading\" data-id=\"45db2f7\" data-element_type=\"widget\" data-e-type=\"widget\" data-widget_type=\"heading.default\">\n\t\t\t\t<div class=\"elementor-widget-container\">\n\t\t\t\t\t<h2 class=\"elementor-heading-title elementor-size-default\"><a href=\"https:\/\/operaeucharistica.org\/home\/republicadominicana\/\">Adoraci\u00f3n Nocturna de la Rep\u00fablica Dominicana<\/a><\/h2>\t\t\t\t<\/div>\n\t\t\t\t<\/div>\n\t\t\t\t<div class=\"elementor-element elementor-element-b90a71d elementor-widget elementor-widget-heading\" data-id=\"b90a71d\" data-element_type=\"widget\" data-e-type=\"widget\" data-widget_type=\"heading.default\">\n\t\t\t\t<div class=\"elementor-widget-container\">\n\t\t\t\t\t<h2 class=\"elementor-heading-title elementor-size-default\"><a href=\"https:\/\/operaeucharistica.org\/home\/headquarters\/\"> Nocturnal Adoration Society National Laic\n\n  HeadQuarters<\/a><\/h2>\t\t\t\t<\/div>\n\t\t\t\t<\/div>\n\t\t\t\t<div class=\"elementor-element elementor-element-f4dde19 elementor-widget elementor-widget-heading\" data-id=\"f4dde19\" data-element_type=\"widget\" data-e-type=\"widget\" data-widget_type=\"heading.default\">\n\t\t\t\t<div class=\"elementor-widget-container\">\n\t\t\t\t\t<h2 class=\"elementor-heading-title elementor-size-default\"><a href=\"https:\/\/operaeucharistica.org\/home\/filipina\/\">Adoraci\u00f3n Nocturna Filipina<\/a><\/h2>\t\t\t\t<\/div>\n\t\t\t\t<\/div>\n\t\t\t\t<div class=\"elementor-element elementor-element-7236392 elementor-widget elementor-widget-heading\" data-id=\"7236392\" data-element_type=\"widget\" data-e-type=\"widget\" data-widget_type=\"heading.default\">\n\t\t\t\t<div class=\"elementor-widget-container\">\n\t\t\t\t\t<h2 class=\"elementor-heading-title elementor-size-default\"><a href=\"https:\/\/operaeucharistica.org\/home\/guinea\/\">Adoraci\u00f3n Nocturna Eucar\u00edstica Guinea Ecuatorial<\/a><\/h2>\t\t\t\t<\/div>\n\t\t\t\t<\/div>\n\t\t\t\t<div class=\"elementor-element elementor-element-8f37b9c elementor-widget elementor-widget-heading\" data-id=\"8f37b9c\" data-element_type=\"widget\" data-e-type=\"widget\" data-widget_type=\"heading.default\">\n\t\t\t\t<div class=\"elementor-widget-container\">\n\t\t\t\t\t<h2 class=\"elementor-heading-title elementor-size-default\"><a href=\"https:\/\/operaeucharistica.org\/home\/california\/\">Adoraci\u00f3n Nocturna en USA<\/a><\/h2>\t\t\t\t<\/div>\n\t\t\t\t<\/div>\n\t\t\t\t<div class=\"elementor-element elementor-element-4747b6d elementor-widget elementor-widget-heading\" data-id=\"4747b6d\" data-element_type=\"widget\" data-e-type=\"widget\" data-widget_type=\"heading.default\">\n\t\t\t\t<div class=\"elementor-widget-container\">\n\t\t\t\t\t<h2 class=\"elementor-heading-title elementor-size-default\"><a href=\"https:\/\/operaeucharistica.org\/home\/confrariacaliz\/\">Cofrad\u00eda del Santo C\u00e1liz de la Cena del Se\u00f1or Catedral de (Valencia)<\/a><\/h2>\t\t\t\t<\/div>\n\t\t\t\t<\/div>\n\t\t\t\t<div class=\"elementor-element elementor-element-8e5b270 elementor-widget elementor-widget-heading\" data-id=\"8e5b270\" data-element_type=\"widget\" data-e-type=\"widget\" data-widget_type=\"heading.default\">\n\t\t\t\t<div class=\"elementor-widget-container\">\n\t\t\t\t\t<h2 class=\"elementor-heading-title elementor-size-default\"><a href=\"https:\/\/operaeucharistica.org\/home\/torrijos\/\"> Archicofrad\u00eda del Sant\u00edsimo Sacramento Torrijos (Toledo)<\/a><\/h2>\t\t\t\t<\/div>\n\t\t\t\t<\/div>\n\t\t\t\t<div class=\"elementor-element elementor-element-c82c459 elementor-widget elementor-widget-heading\" data-id=\"c82c459\" data-element_type=\"widget\" data-e-type=\"widget\" data-widget_type=\"heading.default\">\n\t\t\t\t<div class=\"elementor-widget-container\">\n\t\t\t\t\t<h2 class=\"elementor-heading-title elementor-size-default\"><a href=\"https:\/\/operaeucharistica.org\/home\/venerablemurcia\/\">Venerable Congregaci\u00f3n del Sant\u00edsimo Sacramento (Murcia)<\/a><\/h2>\t\t\t\t<\/div>\n\t\t\t\t<\/div>\n\t\t\t\t<div class=\"elementor-element elementor-element-2b52ff5 elementor-widget elementor-widget-heading\" data-id=\"2b52ff5\" data-element_type=\"widget\" data-e-type=\"widget\" data-widget_type=\"heading.default\">\n\t\t\t\t<div class=\"elementor-widget-container\">\n\t\t\t\t\t<h2 class=\"elementor-heading-title elementor-size-default\"><a href=\"https:\/\/operaeucharistica.org\/home\/josemarmol\/\">Adoraci\u00f3n Eucar\u00edstica Parroquial Jos\u00e9 Marmol<\/a><\/h2>\t\t\t\t<\/div>\n\t\t\t\t<\/div>\n\t\t\t\t<div class=\"elementor-element elementor-element-c3a746e elementor-widget elementor-widget-heading\" data-id=\"c3a746e\" data-element_type=\"widget\" data-e-type=\"widget\" data-widget_type=\"heading.default\">\n\t\t\t\t<div class=\"elementor-widget-container\">\n\t\t\t\t\t<h2 class=\"elementor-heading-title elementor-size-default\"><a href=\"https:\/\/operaeucharistica.org\/home\/burzaco\/\">Adoradores Eucar\u00edsticos Burzaco<\/a><\/h2>\t\t\t\t<\/div>\n\t\t\t\t<\/div>\n\t\t\t\t<div class=\"elementor-element elementor-element-d3e4cdb elementor-widget elementor-widget-heading\" data-id=\"d3e4cdb\" data-element_type=\"widget\" data-e-type=\"widget\" data-widget_type=\"heading.default\">\n\t\t\t\t<div class=\"elementor-widget-container\">\n\t\t\t\t\t<h2 class=\"elementor-heading-title elementor-size-default\"><a href=\"https:\/\/operaeucharistica.org\/home\/adorazioneitalia\/\">Adorazione Eucar\u00edstica Perpetua<\/a><\/h2>\t\t\t\t<\/div>\n\t\t\t\t<\/div>\n\t\t\t\t<div class=\"elementor-element elementor-element-73c127c elementor-widget elementor-widget-heading\" data-id=\"73c127c\" data-element_type=\"widget\" data-e-type=\"widget\" data-widget_type=\"heading.default\">\n\t\t\t\t<div class=\"elementor-widget-container\">\n\t\t\t\t\t<h2 class=\"elementor-heading-title elementor-size-default\"><a href=\"https:\/\/operaeucharistica.org\/home\/sanmartin\/\">Federaci\u00f3n del Patronato Eucar\u00edstico \"San Mart\u00edn\" <\/a><\/h2>\t\t\t\t<\/div>\n\t\t\t\t<\/div>\n\t\t\t\t<div class=\"elementor-element elementor-element-63882fc elementor-widget elementor-widget-heading\" data-id=\"63882fc\" data-element_type=\"widget\" data-e-type=\"widget\" data-widget_type=\"heading.default\">\n\t\t\t\t<div class=\"elementor-widget-container\">\n\t\t\t\t\t<h2 class=\"elementor-heading-title elementor-size-default\"><a href=\"https:\/\/operaeucharistica.org\/home\/mexicojalisco\/\"> Adoraci\u00f3n Nocturna Mexicana de la Archidi\u00f3cesis de Guadalajara - Jalisco - (M\u00e9xico)<\/a><\/h2>\t\t\t\t<\/div>\n\t\t\t\t<\/div>\n\t\t\t\t<div class=\"elementor-element elementor-element-86fa2b4 elementor-widget elementor-widget-heading\" data-id=\"86fa2b4\" data-element_type=\"widget\" data-e-type=\"widget\" data-widget_type=\"heading.default\">\n\t\t\t\t<div class=\"elementor-widget-container\">\n\t\t\t\t\t<h2 class=\"elementor-heading-title elementor-size-default\"><a href=\"https:\/\/operaeucharistica.org\/home\/mutiladomalaga\/\">Cofrad\u00eda del Sant\u00edsimo Cristo Mutilado de M\u00e1laga<\/a><\/h2>\t\t\t\t<\/div>\n\t\t\t\t<\/div>\n\t\t\t\t<div class=\"elementor-element elementor-element-6662217 elementor-widget elementor-widget-heading\" data-id=\"6662217\" data-element_type=\"widget\" data-e-type=\"widget\" data-widget_type=\"heading.default\">\n\t\t\t\t<div class=\"elementor-widget-container\">\n\t\t\t\t\t<h2 class=\"elementor-heading-title elementor-size-default\"><a href=\"https:\/\/operaeucharistica.org\/home\/puertorico\/\">Adoraci\u00f3n Nocturna Puerto Rico<\/a><\/h2>\t\t\t\t<\/div>\n\t\t\t\t<\/div>\n\t\t\t\t<div class=\"elementor-element elementor-element-a74ae21 elementor-widget elementor-widget-heading\" data-id=\"a74ae21\" data-element_type=\"widget\" data-e-type=\"widget\" data-widget_type=\"heading.default\">\n\t\t\t\t<div class=\"elementor-widget-container\">\n\t\t\t\t\t<h2 class=\"elementor-heading-title elementor-size-default\"><a href=\"https:\/\/operaeucharistica.org\/home\/caballerodegracia\/\">Asociaci\u00f3n Eucar\u00edstica del Caballero de Gracia Madrid<\/a><\/h2>\t\t\t\t<\/div>\n\t\t\t\t<\/div>\n\t\t\t\t<div class=\"elementor-element elementor-element-346341f elementor-widget elementor-widget-heading\" data-id=\"346341f\" data-element_type=\"widget\" data-e-type=\"widget\" data-widget_type=\"heading.default\">\n\t\t\t\t<div class=\"elementor-widget-container\">\n\t\t\t\t\t<h2 class=\"elementor-heading-title elementor-size-default\"><a href=\"https:\/\/operaeucharistica.org\/home\/buenosaires\/\">Adoraci\u00f3n Nocturna de la Bas\u00edlica del Sant\u00edsimo Sacramento Ciudad de Buenos Aires (Argentina)<\/a><\/h2>\t\t\t\t<\/div>\n\t\t\t\t<\/div>\n\t\t\t\t<div class=\"elementor-element elementor-element-324d81d elementor-widget elementor-widget-heading\" data-id=\"324d81d\" data-element_type=\"widget\" data-e-type=\"widget\" data-widget_type=\"heading.default\">\n\t\t\t\t<div class=\"elementor-widget-container\">\n\t\t\t\t\t<h2 class=\"elementor-heading-title elementor-size-default\"><a href=\"https:\/\/operaeucharistica.org\/home\/adoradorasmadrid\/\">Adoradoras Presenciales del Sant\u00edsimo Sacramento<\/a><\/h2>\t\t\t\t<\/div>\n\t\t\t\t<\/div>\n\t\t\t\t<div class=\"elementor-element elementor-element-ae3c8ef elementor-widget elementor-widget-heading\" data-id=\"ae3c8ef\" data-element_type=\"widget\" data-e-type=\"widget\" data-widget_type=\"heading.default\">\n\t\t\t\t<div class=\"elementor-widget-container\">\n\t\t\t\t\t<h2 class=\"elementor-heading-title elementor-size-default\"><a href=\"https:\/\/operaeucharistica.org\/home\/damasdelsagrario\/\">Asociaci\u00f3n Eucar\u00edstica Damas del Sagrario<\/a><\/h2>\t\t\t\t<\/div>\n\t\t\t\t<\/div>\n\t\t\t\t<div class=\"elementor-element elementor-element-3097538 elementor-widget elementor-widget-heading\" data-id=\"3097538\" data-element_type=\"widget\" data-e-type=\"widget\" data-widget_type=\"heading.default\">\n\t\t\t\t<div class=\"elementor-widget-container\">\n\t\t\t\t\t<h2 class=\"elementor-heading-title elementor-size-default\"><a href=\"https:\/\/operaeucharistica.org\/home\/malabo\/\">Adoraci\u00f3n Nocturna Eucar\u00edstica Santa Catalina de\n\n  Siena - Malabo<\/a><\/h2>\t\t\t\t<\/div>\n\t\t\t\t<\/div>\n\t\t\t\t\t<\/div>\n\t\t\t\t<\/div>\n\t\t\t\t<\/div>\n\t\t","protected":false},"excerpt":{"rendered":"<p>Miembros de la Federaci\u00f3n Adoremos in Aeternum Sanctissimum Sacramentum Adoraci\u00f3n Nocturna Espa\u00f1ola Adoraci\u00f3n Nocturna Cubana del Sant\u00edsimo Sacramento Adoraci\u00f3n Nocturna Mexicana Adoraci\u00f3n Nocturna Paname\u00f1a Adoraci\u00f3n Nocturna Colombiana Adoraci\u00f3n Nocturna de la Rep\u00fablica Dominicana Nocturnal Adoration Society National Laic HeadQuarters Adoraci\u00f3n Nocturna Filipina Adoraci\u00f3n Nocturna Eucar\u00edstica Guinea Ecuatorial Adoraci\u00f3n Nocturna en USA Cofrad\u00eda del Santo C\u00e1liz [&hellip;]<\/p>\n","protected":false},"author":1,"featured_media":0,"parent":0,"menu_order":0,"comment_status":"closed","ping_status":"closed","template":"elementor_header_footer","meta":{"_joinchat":[],"footnotes":""},"class_list":["post-2337","page","type-page","status-publish","hentry"],"yoast_head":"<!-- This site is optimized with the Yoast SEO plugin v24.3 - https:\/\/yoast.com\/wordpress\/plugins\/seo\/ -->\n<title>miembros del consejo - Opera Eucharistica<\/title>\n<meta name=\"robots\" content=\"noindex, follow, max-snippet:-1, max-image-preview:large, max-video-preview:-1\" \/>\n<meta property=\"og:locale\" content=\"es_ES\" \/>\n<meta property=\"og:type\" content=\"article\" \/>\n<meta property=\"og:title\" content=\"miembros del consejo - Opera Eucharistica\" \/>\n<meta property=\"og:description\" content=\"Miembros de la Federaci\u00f3n Adoremos in Aeternum Sanctissimum Sacramentum Adoraci\u00f3n Nocturna Espa\u00f1ola Adoraci\u00f3n Nocturna Cubana del Sant\u00edsimo Sacramento Adoraci\u00f3n Nocturna Mexicana Adoraci\u00f3n Nocturna Paname\u00f1a Adoraci\u00f3n Nocturna Colombiana Adoraci\u00f3n Nocturna de la Rep\u00fablica Dominicana Nocturnal Adoration Society National Laic HeadQuarters Adoraci\u00f3n Nocturna Filipina Adoraci\u00f3n Nocturna Eucar\u00edstica Guinea Ecuatorial Adoraci\u00f3n Nocturna en USA Cofrad\u00eda del Santo C\u00e1liz [&hellip;]\" \/>\n<meta property=\"og:url\" content=\"https:\/\/operaeucharistica.org\/home\/miembrosdelconsejo\/\" \/>\n<meta property=\"og:site_name\" content=\"Opera Eucharistica\" \/>\n<meta property=\"article:publisher\" content=\"https:\/\/www.facebook.com\/ttecumviajes\/\" \/>\n<meta property=\"article:modified_time\" content=\"2025-02-23T10:52:00+00:00\" \/>\n<meta name=\"twitter:card\" content=\"summary_large_image\" \/>\n<meta name=\"twitter:label1\" content=\"Tiempo de lectura\" \/>\n\t<meta name=\"twitter:data1\" content=\"1 minuto\" \/>\n<script type=\"application\/ld+json\" class=\"yoast-schema-graph\">{\"@context\":\"https:\/\/schema.org\",\"@graph\":[{\"@type\":\"WebPage\",\"@id\":\"https:\/\/operaeucharistica.org\/home\/miembrosdelconsejo\/\",\"url\":\"https:\/\/operaeucharistica.org\/home\/miembrosdelconsejo\/\",\"name\":\"miembros del consejo - Opera Eucharistica\",\"isPartOf\":{\"@id\":\"https:\/\/operaeucharistica.org\/home\/#website\"},\"datePublished\":\"2025-02-16T21:11:10+00:00\",\"dateModified\":\"2025-02-23T10:52:00+00:00\",\"breadcrumb\":{\"@id\":\"https:\/\/operaeucharistica.org\/home\/miembrosdelconsejo\/#breadcrumb\"},\"inLanguage\":\"es\",\"potentialAction\":[{\"@type\":\"ReadAction\",\"target\":[\"https:\/\/operaeucharistica.org\/home\/miembrosdelconsejo\/\"]}]},{\"@type\":\"BreadcrumbList\",\"@id\":\"https:\/\/operaeucharistica.org\/home\/miembrosdelconsejo\/#breadcrumb\",\"itemListElement\":[{\"@type\":\"ListItem\",\"position\":1,\"name\":\"Portada\",\"item\":\"https:\/\/operaeucharistica.org\/home\/\"},{\"@type\":\"ListItem\",\"position\":2,\"name\":\"miembros del consejo\"}]},{\"@type\":\"WebSite\",\"@id\":\"https:\/\/operaeucharistica.org\/home\/#website\",\"url\":\"https:\/\/operaeucharistica.org\/home\/\",\"name\":\"Tecum Viajes\",\"description\":\"Fundac\u00edon de las Obras Eucaristicas\",\"potentialAction\":[{\"@type\":\"SearchAction\",\"target\":{\"@type\":\"EntryPoint\",\"urlTemplate\":\"https:\/\/operaeucharistica.org\/home\/?s={search_term_string}\"},\"query-input\":{\"@type\":\"PropertyValueSpecification\",\"valueRequired\":true,\"valueName\":\"search_term_string\"}}],\"inLanguage\":\"es\"}]}<\/script>\n<!-- \/ Yoast SEO plugin. -->","yoast_head_json":{"title":"miembros del consejo - Opera Eucharistica","robots":{"index":"noindex","follow":"follow","max-snippet":"max-snippet:-1","max-image-preview":"max-image-preview:large","max-video-preview":"max-video-preview:-1"},"og_locale":"es_ES","og_type":"article","og_title":"miembros del consejo - Opera Eucharistica","og_description":"Miembros de la Federaci\u00f3n Adoremos in Aeternum Sanctissimum Sacramentum Adoraci\u00f3n Nocturna Espa\u00f1ola Adoraci\u00f3n Nocturna Cubana del Sant\u00edsimo Sacramento Adoraci\u00f3n Nocturna Mexicana Adoraci\u00f3n Nocturna Paname\u00f1a Adoraci\u00f3n Nocturna Colombiana Adoraci\u00f3n Nocturna de la Rep\u00fablica Dominicana Nocturnal Adoration Society National Laic HeadQuarters Adoraci\u00f3n Nocturna Filipina Adoraci\u00f3n Nocturna Eucar\u00edstica Guinea Ecuatorial Adoraci\u00f3n Nocturna en USA Cofrad\u00eda del Santo C\u00e1liz [&hellip;]","og_url":"https:\/\/operaeucharistica.org\/home\/miembrosdelconsejo\/","og_site_name":"Opera Eucharistica","article_publisher":"https:\/\/www.facebook.com\/ttecumviajes\/","article_modified_time":"2025-02-23T10:52:00+00:00","twitter_card":"summary_large_image","twitter_misc":{"Tiempo de lectura":"1 minuto"},"schema":{"@context":"https:\/\/schema.org","@graph":[{"@type":"WebPage","@id":"https:\/\/operaeucharistica.org\/home\/miembrosdelconsejo\/","url":"https:\/\/operaeucharistica.org\/home\/miembrosdelconsejo\/","name":"miembros del consejo - Opera Eucharistica","isPartOf":{"@id":"https:\/\/operaeucharistica.org\/home\/#website"},"datePublished":"2025-02-16T21:11:10+00:00","dateModified":"2025-02-23T10:52:00+00:00","breadcrumb":{"@id":"https:\/\/operaeucharistica.org\/home\/miembrosdelconsejo\/#breadcrumb"},"inLanguage":"es","potentialAction":[{"@type":"ReadAction","target":["https:\/\/operaeucharistica.org\/home\/miembrosdelconsejo\/"]}]},{"@type":"BreadcrumbList","@id":"https:\/\/operaeucharistica.org\/home\/miembrosdelconsejo\/#breadcrumb","itemListElement":[{"@type":"ListItem","position":1,"name":"Portada","item":"https:\/\/operaeucharistica.org\/home\/"},{"@type":"ListItem","position":2,"name":"miembros del consejo"}]},{"@type":"WebSite","@id":"https:\/\/operaeucharistica.org\/home\/#website","url":"https:\/\/operaeucharistica.org\/home\/","name":"Tecum Viajes","description":"Fundac\u00edon de las Obras Eucaristicas","potentialAction":[{"@type":"SearchAction","target":{"@type":"EntryPoint","urlTemplate":"https:\/\/operaeucharistica.org\/home\/?s={search_term_string}"},"query-input":{"@type":"PropertyValueSpecification","valueRequired":true,"valueName":"search_term_string"}}],"inLanguage":"es"}]}},"_links":{"self":[{"href":"https:\/\/operaeucharistica.org\/home\/wp-json\/wp\/v2\/pages\/2337","targetHints":{"allow":["GET"]}}],"collection":[{"href":"https:\/\/operaeucharistica.org\/home\/wp-json\/wp\/v2\/pages"}],"about":[{"href":"https:\/\/operaeucharistica.org\/home\/wp-json\/wp\/v2\/types\/page"}],"author":[{"embeddable":true,"href":"https:\/\/operaeucharistica.org\/home\/wp-json\/wp\/v2\/users\/1"}],"replies":[{"embeddable":true,"href":"https:\/\/operaeucharistica.org\/home\/wp-json\/wp\/v2\/comments?post=2337"}],"version-history":[{"count":103,"href":"https:\/\/operaeucharistica.org\/home\/wp-json\/wp\/v2\/pages\/2337\/revisions"}],"predecessor-version":[{"id":2664,"href":"https:\/\/operaeucharistica.org\/home\/wp-json\/wp\/v2\/pages\/2337\/revisions\/2664"}],"wp:attachment":[{"href":"https:\/\/operaeucharistica.org\/home\/wp-json\/wp\/v2\/media?parent=2337"}],"curies":[{"name":"wp","href":"https:\/\/api.w.org\/{rel}","templated":true}]}}